{"id":45,"date":"2015-12-05T16:15:05","date_gmt":"2015-12-05T14:15:05","guid":{"rendered":"https:\/\/turkdiliblog.wordpress.com\/?page_id=45"},"modified":"2026-04-19T15:52:19","modified_gmt":"2026-04-19T15:52:19","slug":"turk-dili","status":"publish","type":"page","link":"https:\/\/turkdili.net.tr\/","title":{"rendered":""},"content":{"rendered":"\n\n\n\n<pre class=\"wp-block-preformatted has-accent-color has-text-color has-link-color wp-elements-413081f277760976e37bf713113fa94c\" style=\"font-size:17px;font-style:normal;font-weight:600;text-transform:uppercase\">De\u011ferli Ziyaret\u00e7imiz,<br><br>Uzaktan e\u011fitim, ya\u015fad\u0131\u011f\u0131m\u0131z teknoloji \u00e7a\u011f\u0131n\u0131n vazge\u00e7ilmez bir par\u00e7as\u0131 olarak hayat\u0131m\u0131za girmi\u015ftir. Yer ve mekan s\u0131n\u0131r\u0131 olmaks\u0131z\u0131n \"Her Yerde E\u011fitim\" slogan\u0131yla yay\u0131n yapan bu platform; \u00fcniversite \u00f6\u011frencilerinin T\u00fcrk Dili dersinde ihtiya\u00e7 duyacaklar\u0131 t\u00fcm akademik kaynaklar\u0131, ders notlar\u0131n\u0131 ve konu anlat\u0131mlar\u0131n\u0131 tek bir \u00e7at\u0131 alt\u0131nda toplamak amac\u0131yla haz\u0131rlanm\u0131\u015ft\u0131r.<br><\/pre>\n\n\n\n<figure class=\"wp-block-image is-style-rounded\"><a href=\"https:\/\/turkdili.net.tr\/\"><img decoding=\"async\" src=\"https:\/\/turkdili.net.tr\/wp-content\/uploads\/2025\/03\/e-learning-1024x354.jpg\" alt=\"T\u00fcrk Dili Dersi\"\/><\/a><\/figure>\n","protected":false},"excerpt":{"rendered":"<p>De\u011ferli Ziyaret\u00e7imiz,Uzaktan e\u011fitim, ya\u015fad\u0131\u011f\u0131m\u0131z teknoloji \u00e7a\u011f\u0131n\u0131n vazge\u00e7ilmez bir par\u00e7as\u0131 olarak hayat\u0131m\u0131za girmi\u015ftir. Yer ve mekan s\u0131n\u0131r\u0131 olmaks\u0131z\u0131n &#8220;Her Yerde E\u011fitim&#8221; slogan\u0131yla yay\u0131n yapan bu platform; \u00fcniversite \u00f6\u011frencilerinin T\u00fcrk Dili dersinde ihtiya\u00e7 duyacaklar\u0131 t\u00fcm akademik kaynaklar\u0131, ders notlar\u0131n\u0131 ve konu anlat\u0131mlar\u0131n\u0131 tek bir \u00e7at\u0131 alt\u0131nda toplamak amac\u0131yla haz\u0131rlanm\u0131\u015ft\u0131r.<\/p>\n","protected":false},"author":1,"featured_media":0,"parent":0,"menu_order":0,"comment_status":"closed","ping_status":"closed","template":"","meta":{"_monsterinsights_skip_tracking":false,"_monsterinsights_sitenote_active":false,"_monsterinsights_sitenote_note":"","_monsterinsights_sitenote_category":0,"footnotes":""},"class_list":["post-45","page","type-page","status-publish","hentry","post-preview"],"jetpack_sharing_enabled":true,"_links":{"self":[{"href":"https:\/\/turkdili.net.tr\/index.php?rest_route=\/wp\/v2\/pages\/45","targetHints":{"allow":["GET"]}}],"collection":[{"href":"https:\/\/turkdili.net.tr\/index.php?rest_route=\/wp\/v2\/pages"}],"about":[{"href":"https:\/\/turkdili.net.tr\/index.php?rest_route=\/wp\/v2\/types\/page"}],"author":[{"embeddable":true,"href":"https:\/\/turkdili.net.tr\/index.php?rest_route=\/wp\/v2\/users\/1"}],"replies":[{"embeddable":true,"href":"https:\/\/turkdili.net.tr\/index.php?rest_route=%2Fwp%2Fv2%2Fcomments&post=45"}],"version-history":[{"count":31,"href":"https:\/\/turkdili.net.tr\/index.php?rest_route=\/wp\/v2\/pages\/45\/revisions"}],"predecessor-version":[{"id":1181,"href":"https:\/\/turkdili.net.tr\/index.php?rest_route=\/wp\/v2\/pages\/45\/revisions\/1181"}],"wp:attachment":[{"href":"https:\/\/turkdili.net.tr\/index.php?rest_route=%2Fwp%2Fv2%2Fmedia&parent=45"}],"curies":[{"name":"wp","href":"https:\/\/api.w.org\/{rel}","templated":true}]}}